{"id":21,"date":"2026-05-03T12:52:13","date_gmt":"2026-05-03T12:52:13","guid":{"rendered":"https:\/\/test.tedem.fr\/?page_id=21"},"modified":"2026-05-03T13:44:39","modified_gmt":"2026-05-03T13:44:39","slug":"contact","status":"publish","type":"page","link":"https:\/\/test.tedem.fr\/index.php\/contact\/","title":{"rendered":"Contact et Devis"},"content":{"rendered":"\n<p><\/p>\n\n\n\n<p><\/p>\n\n\n\n<p><\/p>\n\n\n\n<div class=\"wp-block-columns alignwide is-layout-flex wp-container-core-columns-is-layout-28f84493 wp-block-columns-is-layout-flex\">\n<div class=\"wp-block-column is-layout-flow wp-block-column-is-layout-flow\">\n<h2 class=\"wp-block-heading\">\ud83d\udcde Contact<\/h2>\n\n\n\n<h3 class=\"wp-block-heading\">Parlons de votre chai<\/h3>\n\n\n\n<p>Vous souhaitez tester la m\u00e9thode INFINI by TEDEM,<br>optimiser votre parc de barriques ou \u00e9changer sur vos besoins ?<\/p>\n\n\n\n<p>Nous sommes \u00e0 votre \u00e9coute pour \u00e9tudier votre situation<br>et vous proposer une solution adapt\u00e9e.<\/p>\n\n\n\n<hr class=\"wp-block-separator has-alpha-channel-opacity\"\/>\n\n\n\n<h2 class=\"wp-block-heading\">\ud83d\udccd Coordonn\u00e9es<\/h2>\n\n\n\n<p><strong>Tonnellerie de l&#8217;Entre-Deux-Mers &#8211; TEDEM<\/strong> &#8211; <br>22 ZAE Lafon de M\u00e9douc<br>33540 Sauveterre-de-Guyenne &#8211; FRANCE &#8211;<\/p>\n\n\n\n<p>\ud83d\udce7 Email : <em>t.desages@tedem.fr<\/em><br>\ud83d\udcde T\u00e9l\u00e9phone : <em>+33 (0)6 74 86 81 46<\/em><\/p>\n\n\n\n<hr class=\"wp-block-separator has-alpha-channel-opacity\"\/>\n\n\n\n<h2 class=\"wp-block-heading\"><strong> Essais &amp; accompagnement<\/strong><\/h2>\n\n\n\n<p>Des essais peuvent \u00eatre r\u00e9alis\u00e9s sur vos barriques<br>afin d\u2019\u00e9valuer pr\u00e9cis\u00e9ment l\u2019impact de la m\u00e9thode<br>selon votre produit et vos objectifs.<\/p>\n\n\n\n<h2 class=\"wp-block-heading\"><strong> R\u00e9activit\u00e9<\/strong><\/h2>\n\n\n\n<p>Nous nous engageons \u00e0 vous r\u00e9pondre rapidement<br>et \u00e0 vous accompagner dans vos d\u00e9marches techniques.<\/p>\n\n\n\n<hr class=\"wp-block-separator has-alpha-channel-opacity\"\/>\n\n\n\n<p class=\"has-x-large-font-size\"><strong>Demander un devis<\/strong><\/p>\n\n\n\n<p>Vous souhaitez acheter des barriques r\u00e9g\u00e9n\u00e9r\u00e9es, faire r\u00e9g\u00e9n\u00e9rer vos propres barriques ou obtenir un accompagnement technique ?<\/p>\n\n\n\n<p>Remplissez le formulaire ci-dessous en pr\u00e9cisant votre besoin, les formats concern\u00e9s et le nombre de barriques. Nous reviendrons vers vous rapidement avec une r\u00e9ponse adapt\u00e9e.<\/p>\n<\/div>\n\n\n\n<div class=\"wp-block-column is-style-section-1 is-layout-flow wp-block-column-is-layout-flow is-style-section-1--1\"><style id=\"wpforms-css-vars-24-block-346f8aa3-4445-4a36-ae23-c997f60bf39a\">\n\t\t\t\t#wpforms-24.wpforms-block-346f8aa3-4445-4a36-ae23-c997f60bf39a {\n\t\t\t\t--wpforms-field-size-input-height: 43px;\n--wpforms-field-size-input-spacing: 15px;\n--wpforms-field-size-font-size: 16px;\n--wpforms-field-size-line-height: 19px;\n--wpforms-field-size-padding-h: 14px;\n--wpforms-field-size-checkbox-size: 16px;\n--wpforms-field-size-sublabel-spacing: 5px;\n--wpforms-field-size-icon-size: 1;\n--wpforms-label-size-font-size: 16px;\n--wpforms-label-size-line-height: 19px;\n--wpforms-label-size-sublabel-font-size: 14px;\n--wpforms-label-size-sublabel-line-height: 17px;\n--wpforms-button-size-font-size: 17px;\n--wpforms-button-size-height: 41px;\n--wpforms-button-size-padding-h: 15px;\n--wpforms-button-size-margin-top: 10px;\n\t\t\t}\n\t\t\t<\/style><div class=\"wpforms-container wpforms-container-full wpforms-block wpforms-block-346f8aa3-4445-4a36-ae23-c997f60bf39a wpforms-render-modern\" id=\"wpforms-24\"><form id=\"wpforms-form-24\" class=\"wpforms-validate wpforms-form wpforms-ajax-form\" data-formid=\"24\" method=\"post\" enctype=\"multipart\/form-data\" action=\"\/index.php\/wp-json\/wp\/v2\/pages\/21\" data-token=\"d4a2fe77d8ba7075ba7f51a521e63ac0\" data-token-time=\"1777821555\"><noscript class=\"wpforms-error-noscript\">Please enable JavaScript in your browser to complete this form.<\/noscript><div id=\"wpforms-error-noscript\" style=\"display: none;\">Please enable JavaScript in your browser to complete this form.<\/div><div class=\"wpforms-field-container\"><div id=\"wpforms-24-field_1-container\" class=\"wpforms-field wpforms-field-name\" data-field-id=\"1\"><fieldset><legend class=\"wpforms-field-label\">Nom \/ Pr\u00e9nom <span class=\"wpforms-required-label\" aria-hidden=\"true\">*<\/span><\/legend><div class=\"wpforms-field-row wpforms-field-medium\"><div class=\"wpforms-field-row-block wpforms-first wpforms-one-half\"><input type=\"text\" id=\"wpforms-24-field_1\" class=\"wpforms-field-name-first wpforms-field-required\" name=\"wpforms[fields][1][first]\" aria-errormessage=\"wpforms-24-field_1-error\" required><label for=\"wpforms-24-field_1\" class=\"wpforms-field-sublabel after\">First<\/label><\/div><div class=\"wpforms-field-row-block wpforms-one-half\"><input type=\"text\" id=\"wpforms-24-field_1-last\" class=\"wpforms-field-name-last wpforms-field-required\" name=\"wpforms[fields][1][last]\" aria-errormessage=\"wpforms-24-field_1-last-error\" required><label for=\"wpforms-24-field_1-last\" class=\"wpforms-field-sublabel after\">Last<\/label><\/div><\/div><\/fieldset><\/div><div id=\"wpforms-24-field_2-container\" class=\"wpforms-field wpforms-field-email\" data-field-id=\"2\"><label class=\"wpforms-field-label\" for=\"wpforms-24-field_2\">Email <span class=\"wpforms-required-label\" aria-hidden=\"true\">*<\/span><\/label><input type=\"email\" id=\"wpforms-24-field_2\" class=\"wpforms-field-medium wpforms-field-required\" name=\"wpforms[fields][2]\" spellcheck=\"false\" aria-errormessage=\"wpforms-24-field_2-error\" required><\/div><div id=\"wpforms-24-field_8-container\" class=\"wpforms-field wpforms-field-text\" data-field-id=\"8\"><label class=\"wpforms-field-label\" for=\"wpforms-24-field_8\">Adresse <span class=\"wpforms-required-label\" aria-hidden=\"true\">*<\/span><\/label><input type=\"text\" id=\"wpforms-24-field_8\" class=\"wpforms-field-medium wpforms-field-required\" name=\"wpforms[fields][8]\" aria-errormessage=\"wpforms-24-field_8-error\" required><\/div>\t\t<div id=\"wpforms-24-field_5-container\"\n\t\t\tclass=\"wpforms-field wpforms-field-text\"\n\t\t\tdata-field-type=\"text\"\n\t\t\tdata-field-id=\"5\"\n\t\t\t>\n\t\t\t<label class=\"wpforms-field-label\" for=\"wpforms-24-field_5\" >Pr\u00e9nom Quantit\u00e9 Type<\/label>\n\t\t\t<input type=\"text\" id=\"wpforms-24-field_5\" class=\"wpforms-field-medium\" name=\"wpforms[fields][5]\" >\n\t\t<\/div>\n\t\t<div id=\"wpforms-24-field_6-container\" class=\"wpforms-field wpforms-field-text\" data-field-id=\"6\"><label class=\"wpforms-field-label\" for=\"wpforms-24-field_6\">T\u00e9l\u00e9phone<\/label><input type=\"text\" id=\"wpforms-24-field_6\" class=\"wpforms-field-medium\" name=\"wpforms[fields][6]\" aria-errormessage=\"wpforms-24-field_6-error\" ><\/div><div id=\"wpforms-24-field_13-container\" class=\"wpforms-field wpforms-field-radio\" data-field-id=\"13\"><fieldset><legend class=\"wpforms-field-label\">Type de demande<\/legend><ul id=\"wpforms-24-field_13\"><li class=\"choice-1 depth-1\"><input type=\"radio\" id=\"wpforms-24-field_13_1\" name=\"wpforms[fields][13]\" value=\"Fourniture de barriques (achat)\" aria-errormessage=\"wpforms-24-field_13_1-error\"  ><label class=\"wpforms-field-label-inline\" for=\"wpforms-24-field_13_1\">Fourniture de barriques (achat)<\/label><\/li><li class=\"choice-2 depth-1\"><input type=\"radio\" id=\"wpforms-24-field_13_2\" name=\"wpforms[fields][13]\" value=\"R\u00e9g\u00e9n\u00e9ration de mes barriques\" aria-errormessage=\"wpforms-24-field_13_2-error\"  ><label class=\"wpforms-field-label-inline\" for=\"wpforms-24-field_13_2\">R\u00e9g\u00e9n\u00e9ration de mes barriques<\/label><\/li><li class=\"choice-3 depth-1\"><input type=\"radio\" id=\"wpforms-24-field_13_3\" name=\"wpforms[fields][13]\" value=\"Les deux\" aria-errormessage=\"wpforms-24-field_13_3-error\"  ><label class=\"wpforms-field-label-inline\" for=\"wpforms-24-field_13_3\">Les deux<\/label><\/li><\/ul><\/fieldset><\/div><div id=\"wpforms-24-field_4-container\" class=\"wpforms-field wpforms-field-number-slider\" data-field-id=\"4\"><label class=\"wpforms-field-label\" for=\"wpforms-24-field_4\">Quantit\u00e9 225 Litres<\/label>\n<input\n\ttype=\"range\"\n\tid=\"wpforms-24-field_4\" class=\"wpforms-field-medium\" name=\"wpforms[fields][4]\" value=\"0\" aria-errormessage=\"wpforms-24-field_4-error\"\t\tmin=\"0\"\n\tmax=\"1000\"\n\tstep=\"1\">\n\n<div class=\"wpforms-field-number-slider-hint\"\n\tdata-hint=\"Selected Value: {value}\">\n\tSelected Value: <b>0<\/b><\/div>\n<\/div><div id=\"wpforms-24-field_12-container\" class=\"wpforms-field wpforms-field-number-slider\" data-field-id=\"12\"><label class=\"wpforms-field-label\" for=\"wpforms-24-field_12\">Quantit\u00e9 300 Litres<\/label>\n<input\n\ttype=\"range\"\n\tid=\"wpforms-24-field_12\" class=\"wpforms-field-medium\" name=\"wpforms[fields][12]\" value=\"0\" aria-errormessage=\"wpforms-24-field_12-error\"\t\tmin=\"0\"\n\tmax=\"1000\"\n\tstep=\"1\">\n\n<div class=\"wpforms-field-number-slider-hint\"\n\tdata-hint=\"Selected Value: {value}\">\n\tSelected Value: <b>0<\/b><\/div>\n<\/div><div id=\"wpforms-24-field_15-container\" class=\"wpforms-field wpforms-field-number-slider\" data-field-id=\"15\"><label class=\"wpforms-field-label\" for=\"wpforms-24-field_15\">Quantit\u00e9 400 Litres <\/label>\n<input\n\ttype=\"range\"\n\tid=\"wpforms-24-field_15\" class=\"wpforms-field-medium\" name=\"wpforms[fields][15]\" value=\"0\" aria-errormessage=\"wpforms-24-field_15-error\"\t\tmin=\"0\"\n\tmax=\"1000\"\n\tstep=\"1\">\n\n<div class=\"wpforms-field-number-slider-hint\"\n\tdata-hint=\"Selected Value: {value}\">\n\tSelected Value: <b>0<\/b><\/div>\n<\/div><div id=\"wpforms-24-field_16-container\" class=\"wpforms-field wpforms-field-number-slider\" data-field-id=\"16\"><label class=\"wpforms-field-label\" for=\"wpforms-24-field_16\">Quantit\u00e9 500 Litres<\/label>\n<input\n\ttype=\"range\"\n\tid=\"wpforms-24-field_16\" class=\"wpforms-field-medium\" name=\"wpforms[fields][16]\" value=\"0\" aria-errormessage=\"wpforms-24-field_16-error\"\t\tmin=\"0\"\n\tmax=\"1000\"\n\tstep=\"1\">\n\n<div class=\"wpforms-field-number-slider-hint\"\n\tdata-hint=\"Selected Value: {value}\">\n\tSelected Value: <b>0<\/b><\/div>\n<\/div><div id=\"wpforms-24-field_3-container\" class=\"wpforms-field wpforms-field-textarea\" data-field-id=\"3\"><label class=\"wpforms-field-label\" for=\"wpforms-24-field_3\">D\u00e9tail de votre besoin<\/label><textarea id=\"wpforms-24-field_3\" class=\"wpforms-field-medium\" name=\"wpforms[fields][3]\" aria-errormessage=\"wpforms-24-field_3-error\" ><\/textarea><\/div><script>\n\t\t\t\t( function() {\n\t\t\t\t\tconst style = document.createElement( 'style' );\n\t\t\t\t\tstyle.appendChild( document.createTextNode( '#wpforms-24-field_5-container { position: absolute !important; overflow: hidden !important; display: inline !important; height: 1px !important; width: 1px !important; z-index: -1000 !important; padding: 0 !important; } #wpforms-24-field_5-container input { visibility: hidden; } #wpforms-conversational-form-page #wpforms-24-field_5-container label { counter-increment: none; }' ) );\n\t\t\t\t\tdocument.head.appendChild( style );\n\t\t\t\t\tdocument.currentScript?.remove();\n\t\t\t\t} )();\n\t\t\t<\/script><\/div><!-- .wpforms-field-container --><div class=\"wpforms-submit-container\" ><input type=\"hidden\" name=\"wpforms[id]\" value=\"24\"><input type=\"hidden\" name=\"page_title\" value=\"\"><input type=\"hidden\" name=\"page_url\" value=\"https:\/\/test.tedem.fr\/index.php\/wp-json\/wp\/v2\/pages\/21\"><input type=\"hidden\" name=\"url_referer\" value=\"\"><button type=\"submit\" name=\"wpforms[submit]\" id=\"wpforms-submit-24\" class=\"wpforms-submit\" data-alt-text=\"Envoi en cours\u2026\" data-submit-text=\"Demander un devis\" aria-live=\"assertive\" value=\"wpforms-submit\">Demander un devis<\/button><img loading=\"lazy\" decoding=\"async\" src=\"https:\/\/test.tedem.fr\/wp-content\/plugins\/wpforms-lite\/assets\/images\/submit-spin.svg\" class=\"wpforms-submit-spinner\" style=\"display: none;\" width=\"26\" height=\"26\" alt=\"Loading\"><\/div><\/form><\/div>  <!-- .wpforms-container --><\/div>\n<\/div>\n","protected":false},"excerpt":{"rendered":"<p>\ud83d\udcde Contact Parlons de votre chai Vous souhaitez tester la m\u00e9thode INFINI by TEDEM,optimiser votre parc de barriques ou \u00e9changer sur vos besoins ? Nous sommes \u00e0 votre \u00e9coute pour \u00e9tudier votre situationet vous proposer une solution adapt\u00e9e. \ud83d\udccd Coordonn\u00e9es Tonnellerie de l&#8217;Entre-Deux-Mers &#8211; TEDEM &#8211; 22 ZAE Lafon de M\u00e9douc33540 Sauveterre-de-Guyenne &#8211; FRANCE &#8211; [&hellip;]<\/p>\n","protected":false},"author":1,"featured_media":0,"parent":0,"menu_order":0,"comment_status":"closed","ping_status":"closed","template":"","meta":{"footnotes":""},"class_list":["post-21","page","type-page","status-publish","hentry"],"_links":{"self":[{"href":"https:\/\/test.tedem.fr\/index.php\/wp-json\/wp\/v2\/pages\/21","targetHints":{"allow":["GET"]}}],"collection":[{"href":"https:\/\/test.tedem.fr\/index.php\/wp-json\/wp\/v2\/pages"}],"about":[{"href":"https:\/\/test.tedem.fr\/index.php\/wp-json\/wp\/v2\/types\/page"}],"author":[{"embeddable":true,"href":"https:\/\/test.tedem.fr\/index.php\/wp-json\/wp\/v2\/users\/1"}],"replies":[{"embeddable":true,"href":"https:\/\/test.tedem.fr\/index.php\/wp-json\/wp\/v2\/comments?post=21"}],"version-history":[{"count":6,"href":"https:\/\/test.tedem.fr\/index.php\/wp-json\/wp\/v2\/pages\/21\/revisions"}],"predecessor-version":[{"id":34,"href":"https:\/\/test.tedem.fr\/index.php\/wp-json\/wp\/v2\/pages\/21\/revisions\/34"}],"wp:attachment":[{"href":"https:\/\/test.tedem.fr\/index.php\/wp-json\/wp\/v2\/media?parent=21"}],"curies":[{"name":"wp","href":"https:\/\/api.w.org\/{rel}","templated":true}]}}