{"id":39,"date":"2026-05-03T14:32:41","date_gmt":"2026-05-03T14:32:41","guid":{"rendered":"https:\/\/test.tedem.fr\/?page_id=39"},"modified":"2026-05-03T17:20:00","modified_gmt":"2026-05-03T17:20:00","slug":"infini-by-tedem","status":"publish","type":"page","link":"https:\/\/test.tedem.fr\/","title":{"rendered":"Accueil"},"content":{"rendered":"\n<div class=\"wp-block-cover alignwide\"><img loading=\"lazy\" decoding=\"async\" width=\"1024\" height=\"604\" class=\"wp-block-cover__image-background wp-image-48\" alt=\"\" src=\"https:\/\/test.tedem.fr\/wp-content\/uploads\/2026\/05\/20250616_112529-EFFECTS-2-1024x604.jpg\" data-object-fit=\"cover\" srcset=\"https:\/\/test.tedem.fr\/wp-content\/uploads\/2026\/05\/20250616_112529-EFFECTS-2-1024x604.jpg 1024w, https:\/\/test.tedem.fr\/wp-content\/uploads\/2026\/05\/20250616_112529-EFFECTS-2-300x177.jpg 300w, https:\/\/test.tedem.fr\/wp-content\/uploads\/2026\/05\/20250616_112529-EFFECTS-2-768x453.jpg 768w, https:\/\/test.tedem.fr\/wp-content\/uploads\/2026\/05\/20250616_112529-EFFECTS-2-1536x906.jpg 1536w, https:\/\/test.tedem.fr\/wp-content\/uploads\/2026\/05\/20250616_112529-EFFECTS-2-2048x1208.jpg 2048w\" sizes=\"auto, (max-width: 1024px) 100vw, 1024px\" \/><span aria-hidden=\"true\" class=\"wp-block-cover__background has-background-dim\"><\/span><div class=\"wp-block-cover__inner-container is-layout-flow wp-block-cover-is-layout-flow\">\n<p class=\"has-text-align-center has-large-font-size\">Une tonnellerie d&#8217;innovation<\/p>\n\n\n\n<figure class=\"wp-block-image size-large is-resized\"><img loading=\"lazy\" decoding=\"async\" width=\"679\" height=\"1024\" src=\"https:\/\/test.tedem.fr\/wp-content\/uploads\/2026\/05\/INFINI-BY-TEDEM-LOGO-UNIQUE-copie-679x1024.png\" alt=\"\" class=\"wp-image-47\" style=\"aspect-ratio:0.6630899219327272;width:175px;height:auto\" srcset=\"https:\/\/test.tedem.fr\/wp-content\/uploads\/2026\/05\/INFINI-BY-TEDEM-LOGO-UNIQUE-copie-679x1024.png 679w, https:\/\/test.tedem.fr\/wp-content\/uploads\/2026\/05\/INFINI-BY-TEDEM-LOGO-UNIQUE-copie-199x300.png 199w, https:\/\/test.tedem.fr\/wp-content\/uploads\/2026\/05\/INFINI-BY-TEDEM-LOGO-UNIQUE-copie.png 692w\" sizes=\"auto, (max-width: 679px) 100vw, 679px\" \/><\/figure>\n<\/div><\/div>\n\n\n\n<div class=\"wp-block-group alignfull is-style-section-1 has-global-padding is-layout-constrained wp-block-group-is-layout-constrained\" style=\"margin-top:0;margin-bottom:0;padding-top:var(--wp--preset--spacing--80);padding-bottom:var(--wp--preset--spacing--80)\">\n<div class=\"wp-block-columns alignwide is-layout-flex wp-container-core-columns-is-layout-66fad18a wp-block-columns-is-layout-flex\">\n<div class=\"wp-block-column is-layout-flow wp-block-column-is-layout-flow\" style=\"padding-right:var(--wp--preset--spacing--50);flex-basis:45%\">\n<figure class=\"wp-block-image size-large\"><img loading=\"lazy\" decoding=\"async\" width=\"1024\" height=\"768\" src=\"http:\/\/test.tedem.fr\/wp-content\/uploads\/2026\/05\/20251122_092857-1024x768.jpg\" alt=\"\" class=\"wp-image-46\" style=\"aspect-ratio:1.4993296588708476\" srcset=\"https:\/\/test.tedem.fr\/wp-content\/uploads\/2026\/05\/20251122_092857-1024x768.jpg 1024w, https:\/\/test.tedem.fr\/wp-content\/uploads\/2026\/05\/20251122_092857-300x225.jpg 300w, https:\/\/test.tedem.fr\/wp-content\/uploads\/2026\/05\/20251122_092857-768x576.jpg 768w, https:\/\/test.tedem.fr\/wp-content\/uploads\/2026\/05\/20251122_092857-1536x1152.jpg 1536w, https:\/\/test.tedem.fr\/wp-content\/uploads\/2026\/05\/20251122_092857-2048x1536.jpg 2048w\" sizes=\"auto, (max-width: 1024px) 100vw, 1024px\" \/><\/figure>\n\n\n\n<div class=\"wp-block-group has-global-padding is-layout-constrained wp-block-group-is-layout-constrained\" style=\"margin-top:-12vw\"><\/div>\n\n\n\n<figure class=\"wp-block-image alignright size-full is-resized\" style=\"margin-right:-5vw;margin-left:-5vw\"><img loading=\"lazy\" decoding=\"async\" width=\"765\" height=\"782\" src=\"http:\/\/test.tedem.fr\/wp-content\/uploads\/2026\/05\/Capture-decran-2026-05-03-162826.png\" alt=\"\" class=\"wp-image-45\" style=\"aspect-ratio:0.9782822550132425;width:308px;height:auto\" srcset=\"https:\/\/test.tedem.fr\/wp-content\/uploads\/2026\/05\/Capture-decran-2026-05-03-162826.png 765w, https:\/\/test.tedem.fr\/wp-content\/uploads\/2026\/05\/Capture-decran-2026-05-03-162826-293x300.png 293w\" sizes=\"auto, (max-width: 765px) 100vw, 765px\" \/><\/figure>\n<\/div>\n\n\n\n<div class=\"wp-block-column is-vertically-aligned-center is-style-section-1 is-layout-flow wp-block-column-is-layout-flow\" style=\"padding-right:0;padding-left:0;flex-basis:50%\">\n<blockquote class=\"wp-block-quote is-layout-flow wp-block-quote-is-layout-flow\">\n<p class=\"is-style-text-subtitle\">Redonnez vie \u00e0 vos barriques \u2014 ou recevez des barriques pr\u00eates \u00e0 l\u2019emploi<\/p>\n\n\n\n<p class=\"has-text-align-center\">Gr\u00e2ce \u00e0 la m\u00e9thode INFINI by TEDEM, r\u00e9g\u00e9n\u00e9rez vos barriques sans rabotage et sans compromis sur la qualit\u00e9.<\/p>\n\n\n\n<p class=\"has-text-align-center\">Notre proc\u00e9d\u00e9 thermo-oxydatif brevet\u00e9 \u00e9limine le vieux bois, assainit en profondeur et redonne au ch\u00eane ses propri\u00e9t\u00e9s naturelles.<\/p>\n\n\n\n<p class=\"is-style-text-subtitle\">Bois sain, clair, sans go\u00fbt de vieux bois.<br>Id\u00e9al pour vins blancs, rouges et spiritueux<\/p>\n<\/blockquote>\n<\/div>\n<\/div>\n\n\n\n<div class=\"wp-block-buttons is-content-justification-right is-layout-flex wp-container-core-buttons-is-layout-d445cf74 wp-block-buttons-is-layout-flex\">\n<div class=\"wp-block-button\"><a class=\"wp-block-button__link has-text-align-right wp-element-button\">Lire plus <\/a><\/div>\n<\/div>\n<\/div>\n\n\n\n<div class=\"wp-block-group alignfull has-global-padding is-layout-constrained wp-container-core-group-is-layout-ebee8dc1 wp-block-group-is-layout-constrained\" style=\"margin-top:0;margin-bottom:0;padding-top:var(--wp--preset--spacing--50);padding-bottom:var(--wp--preset--spacing--50)\">\n<h2 class=\"wp-block-heading alignwide\">Choisissez votre solution<\/h2>\n\n\n\n<div class=\"wp-block-columns alignwide is-layout-flex wp-container-core-columns-is-layout-28f84493 wp-block-columns-is-layout-flex\">\n<div class=\"wp-block-column is-layout-flow wp-block-column-is-layout-flow\">\n<figure class=\"wp-block-image size-full\" style=\"margin-bottom:24px\"><img loading=\"lazy\" decoding=\"async\" width=\"2560\" height=\"1920\" src=\"http:\/\/test.tedem.fr\/wp-content\/uploads\/2026\/05\/20251120_104451-scaled.jpg\" alt=\"\" class=\"wp-image-49\" style=\"aspect-ratio:4\/3;object-fit:cover\" srcset=\"https:\/\/test.tedem.fr\/wp-content\/uploads\/2026\/05\/20251120_104451-scaled.jpg 2560w, https:\/\/test.tedem.fr\/wp-content\/uploads\/2026\/05\/20251120_104451-300x225.jpg 300w, https:\/\/test.tedem.fr\/wp-content\/uploads\/2026\/05\/20251120_104451-1024x768.jpg 1024w, https:\/\/test.tedem.fr\/wp-content\/uploads\/2026\/05\/20251120_104451-768x576.jpg 768w, https:\/\/test.tedem.fr\/wp-content\/uploads\/2026\/05\/20251120_104451-1536x1152.jpg 1536w, https:\/\/test.tedem.fr\/wp-content\/uploads\/2026\/05\/20251120_104451-2048x1536.jpg 2048w\" sizes=\"auto, (max-width: 2560px) 100vw, 2560px\" \/><\/figure>\n\n\n\n<h3 class=\"wp-block-heading\">Faire r\u00e9g\u00e9n\u00e9rer vos barriques<\/h3>\n\n\n\n<p class=\"has-medium-font-size\">Donnez une seconde vie \u00e0 votre parc sans rabotage.<br>\u00c9liminez le vieux bois et ma\u00eetrisez vos profils.<\/p>\n\n\n\n<div class=\"wp-block-buttons is-layout-flex wp-block-buttons-is-layout-flex\">\n<div class=\"wp-block-button\"><a class=\"wp-block-button__link wp-element-button\" href=\"https:\/\/test.tedem.fr\/index.php\/contact\/\">Demandez un devis<\/a><\/div>\n<\/div>\n<\/div>\n\n\n\n<div class=\"wp-block-column is-layout-flow wp-block-column-is-layout-flow\">\n<figure class=\"wp-block-image size-full\" style=\"margin-bottom:24px\"><img loading=\"lazy\" decoding=\"async\" width=\"2560\" height=\"1920\" src=\"http:\/\/test.tedem.fr\/wp-content\/uploads\/2026\/05\/20250715_1559092-1-scaled.jpg\" alt=\"\" class=\"wp-image-50\" style=\"aspect-ratio:4\/3;object-fit:cover\" srcset=\"https:\/\/test.tedem.fr\/wp-content\/uploads\/2026\/05\/20250715_1559092-1-scaled.jpg 2560w, https:\/\/test.tedem.fr\/wp-content\/uploads\/2026\/05\/20250715_1559092-1-300x225.jpg 300w, https:\/\/test.tedem.fr\/wp-content\/uploads\/2026\/05\/20250715_1559092-1-1024x768.jpg 1024w, https:\/\/test.tedem.fr\/wp-content\/uploads\/2026\/05\/20250715_1559092-1-768x576.jpg 768w, https:\/\/test.tedem.fr\/wp-content\/uploads\/2026\/05\/20250715_1559092-1-1536x1152.jpg 1536w, https:\/\/test.tedem.fr\/wp-content\/uploads\/2026\/05\/20250715_1559092-1-2048x1536.jpg 2048w\" sizes=\"auto, (max-width: 2560px) 100vw, 2560px\" \/><\/figure>\n\n\n\n<h3 class=\"wp-block-heading\">Acheter des barriques pr\u00eates \u00e0 l\u2019emploi<\/h3>\n\n\n\n<p class=\"has-medium-font-size\">Barriques d\u00e9j\u00e0 r\u00e9g\u00e9n\u00e9r\u00e9es, propres et optimis\u00e9es.<br>Id\u00e9al pour vins blancs, rouges et spiritueux.<\/p>\n\n\n\n<div class=\"wp-block-buttons is-layout-flex wp-block-buttons-is-layout-flex\">\n<div class=\"wp-block-button\"><a class=\"wp-block-button__link wp-element-button\" href=\"https:\/\/test.tedem.fr\/index.php\/methode\/\">Demandez un devis<\/a><\/div>\n<\/div>\n<\/div>\n\n\n\n<div class=\"wp-block-column is-layout-flow wp-block-column-is-layout-flow\">\n<figure class=\"wp-block-image size-full\" style=\"margin-bottom:24px\"><img loading=\"lazy\" decoding=\"async\" width=\"1536\" height=\"1024\" src=\"http:\/\/test.tedem.fr\/wp-content\/uploads\/2026\/05\/avant-apres-1.png\" alt=\"\" class=\"wp-image-51\" style=\"aspect-ratio:4\/3;object-fit:cover\" srcset=\"https:\/\/test.tedem.fr\/wp-content\/uploads\/2026\/05\/avant-apres-1.png 1536w, https:\/\/test.tedem.fr\/wp-content\/uploads\/2026\/05\/avant-apres-1-300x200.png 300w, https:\/\/test.tedem.fr\/wp-content\/uploads\/2026\/05\/avant-apres-1-1024x683.png 1024w, https:\/\/test.tedem.fr\/wp-content\/uploads\/2026\/05\/avant-apres-1-768x512.png 768w\" sizes=\"auto, (max-width: 1536px) 100vw, 1536px\" \/><\/figure>\n\n\n\n<h3 class=\"wp-block-heading\">D\u00e9couvrir la m\u00e9thode INFINI<\/h3>\n\n\n\n<p class=\"has-medium-font-size\">Proc\u00e9d\u00e9 brevet\u00e9, reconnu au Vinitech 2024.<br>Une approche thermo-oxydative unique.<\/p>\n\n\n\n<div class=\"wp-block-buttons is-layout-flex wp-block-buttons-is-layout-flex\">\n<div class=\"wp-block-button\"><a class=\"wp-block-button__link wp-element-button\" href=\"https:\/\/test.tedem.fr\/index.php\/methode\/\">Comprendre la m\u00e9thode<\/a><\/div>\n<\/div>\n<\/div>\n<\/div>\n<\/div>\n\n\n\n<div class=\"wp-block-media-text alignwide is-stacked-on-mobile\" style=\"grid-template-columns:46% auto\"><figure class=\"wp-block-media-text__media\"><img loading=\"lazy\" decoding=\"async\" width=\"1024\" height=\"744\" src=\"http:\/\/test.tedem.fr\/wp-content\/uploads\/2026\/05\/citation-vinitech-1024x744.jpg\" alt=\"\" class=\"wp-image-58 size-full\" srcset=\"https:\/\/test.tedem.fr\/wp-content\/uploads\/2026\/05\/citation-vinitech-1024x744.jpg 1024w, https:\/\/test.tedem.fr\/wp-content\/uploads\/2026\/05\/citation-vinitech-300x218.jpg 300w, https:\/\/test.tedem.fr\/wp-content\/uploads\/2026\/05\/citation-vinitech-768x558.jpg 768w, https:\/\/test.tedem.fr\/wp-content\/uploads\/2026\/05\/citation-vinitech-1536x1117.jpg 1536w, https:\/\/test.tedem.fr\/wp-content\/uploads\/2026\/05\/citation-vinitech-2048x1489.jpg 2048w\" sizes=\"auto, (max-width: 1024px) 100vw, 1024px\" \/><\/figure><div class=\"wp-block-media-text__content\">\n<p>Une solution durable et performante :<\/p>\n\n\n\n<p>\u2022 \u267b\ufe0f Prolonge la dur\u00e9e de vie des barriques<br>\u2022 \ud83c\udf31 R\u00e9duit l\u2019impact environnemental (moins d\u2019abattage de ch\u00eane)<br>\u2022  Sans soufre r\u00e9siduel<br>\u2022  Proc\u00e9d\u00e9 brevet\u00e9, cit\u00e9 au Troph\u00e9e de l\u2019Innovation Vinitech 2024<\/p>\n<\/div><\/div>\n","protected":false},"excerpt":{"rendered":"<p>Redonnez vie \u00e0 vos barriques \u2014 ou recevez des barriques pr\u00eates \u00e0 l\u2019emploi Gr\u00e2ce \u00e0 la m\u00e9thode INFINI by TEDEM, r\u00e9g\u00e9n\u00e9rez vos barriques sans rabotage et sans compromis sur la qualit\u00e9. Notre proc\u00e9d\u00e9 thermo-oxydatif brevet\u00e9 \u00e9limine le vieux bois, assainit en profondeur et redonne au ch\u00eane ses propri\u00e9t\u00e9s naturelles. Bois sain, clair, sans go\u00fbt de [&hellip;]<\/p>\n","protected":false},"author":1,"featured_media":0,"parent":0,"menu_order":1,"comment_status":"closed","ping_status":"closed","template":"","meta":{"footnotes":""},"class_list":["post-39","page","type-page","status-publish","hentry"],"_links":{"self":[{"href":"https:\/\/test.tedem.fr\/index.php\/wp-json\/wp\/v2\/pages\/39","targetHints":{"allow":["GET"]}}],"collection":[{"href":"https:\/\/test.tedem.fr\/index.php\/wp-json\/wp\/v2\/pages"}],"about":[{"href":"https:\/\/test.tedem.fr\/index.php\/wp-json\/wp\/v2\/types\/page"}],"author":[{"embeddable":true,"href":"https:\/\/test.tedem.fr\/index.php\/wp-json\/wp\/v2\/users\/1"}],"replies":[{"embeddable":true,"href":"https:\/\/test.tedem.fr\/index.php\/wp-json\/wp\/v2\/comments?post=39"}],"version-history":[{"count":6,"href":"https:\/\/test.tedem.fr\/index.php\/wp-json\/wp\/v2\/pages\/39\/revisions"}],"predecessor-version":[{"id":59,"href":"https:\/\/test.tedem.fr\/index.php\/wp-json\/wp\/v2\/pages\/39\/revisions\/59"}],"wp:attachment":[{"href":"https:\/\/test.tedem.fr\/index.php\/wp-json\/wp\/v2\/media?parent=39"}],"curies":[{"name":"wp","href":"https:\/\/api.w.org\/{rel}","templated":true}]}}